{"id":15427,"date":"2015-08-22T08:22:20","date_gmt":"2015-08-22T07:22:20","guid":{"rendered":"http:\/\/www.oxly.de\/news\/?page_id=15427"},"modified":"2024-02-15T17:55:08","modified_gmt":"2024-02-15T16:55:08","slug":"datenschutz","status":"publish","type":"page","link":"https:\/\/www.oxly.de\/news\/datenschutz\/","title":{"rendered":"Datenschutz"},"content":{"rendered":"<p><strong>Verantwortlich<\/strong><br \/>\nThomas Gade, Samoastra\u00dfe 9, 13353 Berlin<\/p>\n<p>E-Mail: info@medienarchiv.com<\/p>\n<p>Diese Website dient nicht zum Anbieten von Waren und Dienstleistungen. Sie besteht aus konventionellen HMTL-Seiten, ein Fotoarchiv basierend auf Coppermine und einen WordPress Blog. Die meisten Inhalte sind urheberrechtlich gesch\u00fctzt.<\/p>\n<p>An pers\u00f6nlichen Daten von Besuchern bin ich nicht interessiert und habe nach bestem Wissen Funktionen deaktiviert, die ihre Speicherung veranlassen.<\/p>\n<p>Ich verschicke keine Newsletter, noch verwende ich Kontaktformulare. Es gibt keine Verkaufstools oder Shop-Funktionen. Bei Interesse an einer externen Verwendung der urheberrechtlich gesch\u00fctzen Inhalte k\u00f6nnen Sie per E-Mail Kontakt mit mir aufnehmen, um vorher meine Zustimmung zu erwirken.<\/p>\n<p><strong>Keine Registrierung<\/strong><\/p>\n<p>Sie k\u00f6nnen sich nicht registrieren und es gibt keine Verkn\u00fcpfungen mit sozialen Medien.<\/p>\n<p>WordPress sieht vor, dass Sie zum Kommentieren von Beitr\u00e4gen im Blog einen Namen und eine E-Mail-Adresse eintragen. Sie k\u00f6nnen dazu echte oder falsche Angaben machen. Falls Sie Ihren richtigen Namen eintragen, erkl\u00e4ren Sie damit gleichzeitig Ihr Einverst\u00e4ndnis, dass diese Daten von dieser Website gespeichert werden. Kommentare m\u00fcssen vor Erscheinen von mir freigeschaltet werden.<\/p>\n<p>Abgesehen davon, dass Namen bei Kommentaren zu sehen sind, erfolgt keine weitere Verarbeitung. WordPress l\u00f6scht die IP-Daten der Kommentatoren automatisch nach 10 Tagen durch ein Plugin. Sollten Sie die L\u00f6schung Ihres Kommentars oder des Namens w\u00fcnschen, kontaktieren Sie mich unter o.a. Email-Adresse.<\/p>\n<p><b>Spuren im Internet<\/b><\/p>\n<p>\u00dcblicherweise hinterlassen Sie Spuren beim Besuch einer Website. Jeder Browser sammelt beim Besuch einer Webseite nicht nur die Daten, um sie auf dem Display des Internetusers anzuzeigen, sondern hinterl\u00e4sst bei der Datenquelle Informationen \u00fcber den Browsertyp, die Version, das Betriebssystem, die IP-Adresse, Datum und Uhrzeit der Anfrage und mehr. Diese Webseitensind bei ALL-INKL.COM &#8211; Neue Medien M\u00fcnnich gehostet. Soweit durch mich einstellbar, ist die dortige statistische Erfassung des Traffics deaktiviert.<\/p>\n<h3>Matomo<\/h3>\n<p>Die Nutzung von Oxly.de wird mit dem Tool Matomo (vormals Piwik) in anonymisierter Form untersucht. Mich interessiert, welche Beitr\u00e4ge h\u00e4ufig aufgerufen werden und welche weniger, um festzustellen welche Themen bei den Lesern gut ankommen. Matomo hilft au\u00dferdem, Fehler durch falsche Links oder fehlende Dateien festzustellen. Diese statistischen Daten enthalten keine Hinweise auf die Identit\u00e4ten der Besucher.<\/p>\n<h3>Besucher<\/h3>\n<p>&#8211; Besucheranzahl (st\u00fcndliche, t\u00e4glich, monatlich, j\u00e4hrlich)<br \/>\n&#8211; Besucherkarte nach L\u00e4ndern<br \/>\n&#8211; Browsertypen und eindeutige Anzahl ihrer User<br \/>\n&#8211; Links externer Webseiten, von denen Besucher zu uns kommen<br \/>\n&#8211; Suchbegriffe, die zu unseren Seiten f\u00fchrten<br \/>\n&#8211; Besucherverteilung nach Tageszeit<br \/>\n&#8211; IP Adressen (gek\u00fcrzt und anonymisiert)<\/p>\n<h3>Werbung und Cookies<\/h3>\n<p>Online-Werbung, die Ihre Klicks und weitere Daten trackt, wurden schon lange von oxly.de gel\u00f6scht. Meines Wissens veranlasse ich mit eigenen Inhalten keine Speicherung von Cookies. Sie k\u00f6nnen das Speichern von Cookies in Ihren Browsern ausschalten oder einen Add-Blocker installieren. Dadurch haben Sie hier keine Nachteile. Man kann mit dem kostenlosen Tool CCleaner nach dem Surfen das L\u00f6schen von Cookies veranlassen.<\/p>\n<p><strong>Verwertungsgesellschaft Wort (VG Wort)<\/strong><\/p>\n<p>H\u00e4ufig gelesene und l\u00e4ngere Textbeitr\u00e4ge werden bei der Aussch\u00fcttung von Tantiemen der VG Wort ber\u00fccksichtigt. Relevante Beitr\u00e4ge enthalten individuelle Links zu jeweils einer zugewiesenen Datei auf dem Server der VG Wort, die damit die Anzahl der Zugriffe protokolliert. Dieses Verfahren soll eine gerechte Verteilung von Tantiemen an Autoren gew\u00e4hrleisten.<\/p>\n<h3>Fehler entdeckt?<\/h3>\n<p>Bei aller Sorgfalt f\u00fcr die Beachtung des gebotenen Datenschutzes kann es durch Irrt\u00fcmer oder unterschiedliche Interpretationen auf unseren Websites, die teilweise seit dem Jahr 2000 bestehen, dazu kommen, dass Sie Inhalte aus datenschutzrechtlichen Gr\u00fcnden beanstanden. In dem Fall kontaktieren Sie uns bitte per E-Mail (info@medienarchiv.com), damit wir rasch darauf reagieren k\u00f6nnen.<\/p>\n","protected":false},"excerpt":{"rendered":"<p>Verantwortlich Thomas Gade, Samoastra\u00dfe 9, 13353 Berlin E-Mail: info@medienarchiv.com Diese Website dient nicht zum Anbieten von Waren und Dienstleistungen. Sie [&hellip;]<\/p>\n","protected":false},"author":3,"featured_media":0,"parent":0,"menu_order":0,"comment_status":"closed","ping_status":"closed","template":"","meta":{"site-sidebar-layout":"default","site-content-layout":"","ast-site-content-layout":"default","site-content-style":"default","site-sidebar-style":"default","ast-global-header-display":"","ast-banner-title-visibility":"","ast-main-header-display":"","ast-hfb-above-header-display":"","ast-hfb-below-header-display":"","ast-hfb-mobile-header-display":"","site-post-title":"","ast-breadcrumbs-content":"","ast-featured-img":"","footer-sml-layout":"","ast-disable-related-posts":"","theme-transparent-header-meta":"","adv-header-id-meta":"","stick-header-meta":"","header-above-stick-meta":"","header-main-stick-meta":"","header-below-stick-meta":"","astra-migrate-meta-layouts":"default","ast-page-background-enabled":"default","ast-page-background-meta":{"desktop":{"background-color":"var(--ast-global-color-5)","background-image":"","background-repeat":"repeat","background-position":"center center","background-size":"auto","background-attachment":"scroll","background-type":"","background-media":"","overlay-type":"","overlay-color":"","overlay-opacity":"","overlay-gradient":""},"tablet":{"background-color":"","background-image":"","background-repeat":"repeat","background-position":"center center","background-size":"auto","background-attachment":"scroll","background-type":"","background-media":"","overlay-type":"","overlay-color":"","overlay-opacity":"","overlay-gradient":""},"mobile":{"background-color":"","background-image":"","background-repeat":"repeat","background-position":"center center","background-size":"auto","background-attachment":"scroll","background-type":"","background-media":"","overlay-type":"","overlay-color":"","overlay-opacity":"","overlay-gradient":""}},"ast-content-background-meta":{"desktop":{"background-color":"var(--ast-global-color-4)","background-image":"","background-repeat":"repeat","background-position":"center center","background-size":"auto","background-attachment":"scroll","background-type":"","background-media":"","overlay-type":"","overlay-color":"","overlay-opacity":"","overlay-gradient":""},"tablet":{"background-color":"var(--ast-global-color-4)","background-image":"","background-repeat":"repeat","background-position":"center center","background-size":"auto","background-attachment":"scroll","background-type":"","background-media":"","overlay-type":"","overlay-color":"","overlay-opacity":"","overlay-gradient":""},"mobile":{"background-color":"var(--ast-global-color-4)","background-image":"","background-repeat":"repeat","background-position":"center center","background-size":"auto","background-attachment":"scroll","background-type":"","background-media":"","overlay-type":"","overlay-color":"","overlay-opacity":"","overlay-gradient":""}},"footnotes":""},"class_list":["post-15427","page","type-page","status-publish","hentry"],"_links":{"self":[{"href":"https:\/\/www.oxly.de\/news\/wp-json\/wp\/v2\/pages\/15427","targetHints":{"allow":["GET"]}}],"collection":[{"href":"https:\/\/www.oxly.de\/news\/wp-json\/wp\/v2\/pages"}],"about":[{"href":"https:\/\/www.oxly.de\/news\/wp-json\/wp\/v2\/types\/page"}],"author":[{"embeddable":true,"href":"https:\/\/www.oxly.de\/news\/wp-json\/wp\/v2\/users\/3"}],"replies":[{"embeddable":true,"href":"https:\/\/www.oxly.de\/news\/wp-json\/wp\/v2\/comments?post=15427"}],"version-history":[{"count":0,"href":"https:\/\/www.oxly.de\/news\/wp-json\/wp\/v2\/pages\/15427\/revisions"}],"wp:attachment":[{"href":"https:\/\/www.oxly.de\/news\/wp-json\/wp\/v2\/media?parent=15427"}],"curies":[{"name":"wp","href":"https:\/\/api.w.org\/{rel}","templated":true}]}}